{"id":18,"date":"2023-06-22T14:43:07","date_gmt":"2023-06-22T11:43:07","guid":{"rendered":"https:\/\/hamleradyotv.com.tr\/?page_id=18"},"modified":"2023-06-22T14:55:31","modified_gmt":"2023-06-22T11:55:31","slug":"hamle-2","status":"publish","type":"page","link":"https:\/\/hamleradyotv.com.tr\/","title":{"rendered":"Hamle"},"content":{"rendered":"\t\t<div data-elementor-type=\"wp-post\" data-elementor-id=\"18\" class=\"elementor elementor-18\">\n\t\t\t\t\t\t\t<div class=\"elementor-element elementor-element-79105d0 e-flex e-con-boxed e-con\" data-id=\"79105d0\" data-element_type=\"container\" data-settings=\"{&quot;content_width&quot;:&quot;boxed&quot;}\">\n\t\t\t\t\t<div class=\"e-con-inner\">\n\t\t\t\t<div class=\"elementor-element elementor-element-57d2bc8 elementor-widget elementor-widget-image\" data-id=\"57d2bc8\" data-element_type=\"widget\" data-widget_type=\"image.default\">\n\t\t\t\t<div class=\"elementor-widget-container\">\n\t\t\t<style>\/*! elementor - v3.14.0 - 18-06-2023 *\/\n.elementor-widget-image{text-align:center}.elementor-widget-image a{display:inline-block}.elementor-widget-image a img[src$=\".svg\"]{width:48px}.elementor-widget-image img{vertical-align:middle;display:inline-block}<\/style>\t\t\t\t\t\t\t\t\t\t\t\t<img loading=\"lazy\" decoding=\"async\" width=\"1600\" height=\"882\" src=\"https:\/\/hamleradyotv.com.tr\/wp-content\/uploads\/2023\/06\/hrt.jpeg\" class=\"attachment-full size-full wp-image-21\" alt=\"\" srcset=\"https:\/\/hamleradyotv.com.tr\/wp-content\/uploads\/2023\/06\/hrt.jpeg 1600w, https:\/\/hamleradyotv.com.tr\/wp-content\/uploads\/2023\/06\/hrt-300x165.jpeg 300w, https:\/\/hamleradyotv.com.tr\/wp-content\/uploads\/2023\/06\/hrt-1024x564.jpeg 1024w, https:\/\/hamleradyotv.com.tr\/wp-content\/uploads\/2023\/06\/hrt-768x423.jpeg 768w, https:\/\/hamleradyotv.com.tr\/wp-content\/uploads\/2023\/06\/hrt-1536x847.jpeg 1536w\" sizes=\"auto, (max-width: 1600px) 100vw, 1600px\" \/>\t\t\t\t\t\t\t\t\t\t\t\t\t\t\t<\/div>\n\t\t\t\t<\/div>\n\t\t\t\t<div class=\"elementor-element elementor-element-72b9636 elementor-widget elementor-widget-heading\" data-id=\"72b9636\" data-element_type=\"widget\" data-widget_type=\"heading.default\">\n\t\t\t\t<div class=\"elementor-widget-container\">\n\t\t\t<style>\/*! elementor - v3.14.0 - 18-06-2023 *\/\n.elementor-heading-title{padding:0;margin:0;line-height:1}.elementor-widget-heading .elementor-heading-title[class*=elementor-size-]>a{color:inherit;font-size:inherit;line-height:inherit}.elementor-widget-heading .elementor-heading-title.elementor-size-small{font-size:15px}.elementor-widget-heading .elementor-heading-title.elementor-size-medium{font-size:19px}.elementor-widget-heading .elementor-heading-title.elementor-size-large{font-size:29px}.elementor-widget-heading .elementor-heading-title.elementor-size-xl{font-size:39px}.elementor-widget-heading .elementor-heading-title.elementor-size-xxl{font-size:59px}<\/style><h2 class=\"elementor-heading-title elementor-size-default\">K\u00fcnye<\/h2>\t\t<\/div>\n\t\t\t\t<\/div>\n\t\t\t\t\t<\/div>\n\t\t\t\t<\/div>\n\t\t<div class=\"elementor-element elementor-element-110a7a9 e-flex e-con-boxed e-con\" data-id=\"110a7a9\" data-element_type=\"container\" data-settings=\"{&quot;content_width&quot;:&quot;boxed&quot;}\">\n\t\t\t\t\t<div class=\"e-con-inner\">\n\t\t<div class=\"elementor-element elementor-element-c9b3a33 e-con-full e-flex e-con\" data-id=\"c9b3a33\" data-element_type=\"container\" data-settings=\"{&quot;content_width&quot;:&quot;full&quot;}\">\n\t\t\t\t<div class=\"elementor-element elementor-element-ac6aa7d elementor-widget elementor-widget-text-editor\" data-id=\"ac6aa7d\" data-element_type=\"widget\" data-widget_type=\"text-editor.default\">\n\t\t\t\t<div class=\"elementor-widget-container\">\n\t\t\t<style>\/*! elementor - v3.14.0 - 18-06-2023 *\/\n.elementor-widget-text-editor.elementor-drop-cap-view-stacked .elementor-drop-cap{background-color:#69727d;color:#fff}.elementor-widget-text-editor.elementor-drop-cap-view-framed .elementor-drop-cap{color:#69727d;border:3px solid;background-color:transparent}.elementor-widget-text-editor:not(.elementor-drop-cap-view-default) .elementor-drop-cap{margin-top:8px}.elementor-widget-text-editor:not(.elementor-drop-cap-view-default) .elementor-drop-cap-letter{width:1em;height:1em}.elementor-widget-text-editor .elementor-drop-cap{float:left;text-align:center;line-height:1;font-size:50px}.elementor-widget-text-editor .elementor-drop-cap-letter{display:inline-block}<\/style>\t\t\t\t<p><strong>Medya Hizmet Sa\u011flay\u0131c\u0131 Kurulu\u015f Kimlik Bilgisi \u015eirket Bilgileri \u00a0<\/strong><\/p><p>\u00dcnvan\u0131 : HRT Hamle Radyo Televizyon A\u015e<\/p><p>Yay\u0131n Ortam\u0131:\u00a0 94.6\u00a0 Karasal ve \u0130nternet ortam\u0131<\/p><p>Yay\u0131n T\u00fcr\u00fc:\u00a0 Genel Kar\u0131\u015f\u0131k<\/p><p>Yay\u0131n Lisans Bilgisi :\u00a0 Yerel Radyo<\/p>\t\t\t\t\t\t<\/div>\n\t\t\t\t<\/div>\n\t\t\t\t<div class=\"elementor-element elementor-element-2ca2c74 elementor-widget elementor-widget-text-editor\" data-id=\"2ca2c74\" data-element_type=\"widget\" data-widget_type=\"text-editor.default\">\n\t\t\t\t<div class=\"elementor-widget-container\">\n\t\t\t\t\t\t\t<p><strong>Yaz\u0131\u015fma Adresi:<\/strong> \u015eeyh\u00a0 Mah. Hac\u0131\u015ferifa\u011fa sokak\u00a0 No:14 Mente\u015fe-MU\u011eLA<\/p><p>Telefon: 0(252) 212 25 72<\/p><p>\u0130nternet Adresi:<\/p><p>E-posta Adresi:info@muglahamle.com.tr<\/p><p>KEP Adresi: hrthamle@hs01.kep.tr<\/p>\t\t\t\t\t\t<\/div>\n\t\t\t\t<\/div>\n\t\t\t\t<div class=\"elementor-element elementor-element-aa91fcf elementor-widget elementor-widget-text-editor\" data-id=\"aa91fcf\" data-element_type=\"widget\" data-widget_type=\"text-editor.default\">\n\t\t\t\t<div class=\"elementor-widget-container\">\n\t\t\t\t\t\t\t<p><strong>Kurucu G.M\u00fcd\u00fcr:<\/strong> Hayati Nizamo\u011flu<\/p><p>Ad\u0131 Soyad\u0131: Hayati Nizamo\u011flu (Y\u00f6netim Kurulu Ba\u015fkan\u0131)<\/p><p>Posta Adresi: \u015eeyh Mah. Hac\u0131\u015ferifa\u011fa Sokak No:14 Mente\u015fe-MU\u011eLA<\/p>\t\t\t\t\t\t<\/div>\n\t\t\t\t<\/div>\n\t\t\t\t<\/div>\n\t\t<div class=\"elementor-element elementor-element-d942d95 e-con-full e-flex e-con\" data-id=\"d942d95\" data-element_type=\"container\" data-settings=\"{&quot;content_width&quot;:&quot;full&quot;}\">\n\t\t\t\t<div class=\"elementor-element elementor-element-2c80a29 elementor-widget elementor-widget-text-editor\" data-id=\"2c80a29\" data-element_type=\"widget\" data-widget_type=\"text-editor.default\">\n\t\t\t\t<div class=\"elementor-widget-container\">\n\t\t\t\t\t\t\t<p><strong>Sorumlu M\u00fcd\u00fcr<\/strong><\/p><p>Ad\u0131-Soyad\u0131: Erdal Turgay \u015eenol\u00a0<\/p><p>Posta Adresi: \u015eeyh Mah. Hac\u0131\u015ferifa\u011fa Sokak No:14 Mente\u015fe-MU\u011eLA<\/p>\t\t\t\t\t\t<\/div>\n\t\t\t\t<\/div>\n\t\t\t\t<div class=\"elementor-element elementor-element-7ff81b7 elementor-widget elementor-widget-text-editor\" data-id=\"7ff81b7\" data-element_type=\"widget\" data-widget_type=\"text-editor.default\">\n\t\t\t\t<div class=\"elementor-widget-container\">\n\t\t\t\t\t\t\t<p><strong>\u0130zleyici Temsilcisi<\/strong><\/p><p>Ad\u0131-Soyad\u0131: Erdal Turgay \u015eenol<\/p><p>Posta Adresi: \u015eeyh Mah. Hac\u0131\u015ferifa\u011fa Sokak No:14 Mente\u015fe-MU\u011eLA<\/p>\t\t\t\t\t\t<\/div>\n\t\t\t\t<\/div>\n\t\t\t\t<div class=\"elementor-element elementor-element-a496730 elementor-widget elementor-widget-text-editor\" data-id=\"a496730\" data-element_type=\"widget\" data-widget_type=\"text-editor.default\">\n\t\t\t\t<div class=\"elementor-widget-container\">\n\t\t\t\t\t\t\t<p><strong>UNVANI:<\/strong> HRT Hamle\u00a0 Radyo Televizyon A\u015e<\/p><p>VD: Mu\u011fla<\/p><p>V.N: 4630023796<\/p><p>ODA K. N: 006000<\/p>\t\t\t\t\t\t<\/div>\n\t\t\t\t<\/div>\n\t\t\t\t<\/div>\n\t\t\t\t\t<\/div>\n\t\t\t\t<\/div>\n\t\t\t\t\t\t\t<\/div>\n\t\t","protected":false},"excerpt":{"rendered":"<p>K\u00fcnye Medya Hizmet Sa\u011flay\u0131c\u0131 Kurulu\u015f Kimlik Bilgisi \u015eirket Bilgileri \u00a0 \u00dcnvan\u0131 : HRT Hamle Radyo Televizyon A\u015e Yay\u0131n Ortam\u0131:\u00a0 94.6\u00a0 Karasal ve \u0130nternet ortam\u0131 Yay\u0131n T\u00fcr\u00fc:\u00a0 Genel Kar\u0131\u015f\u0131k Yay\u0131n Lisans Bilgisi :\u00a0 Yerel Radyo Yaz\u0131\u015fma Adresi: \u015eeyh\u00a0 Mah. Hac\u0131\u015ferifa\u011fa sokak\u00a0 No:14 Mente\u015fe-MU\u011eLA Telefon: 0(252) 212 25 72 \u0130nternet Adresi: E-posta Adresi:info@muglahamle.com.tr KEP Adresi: hrthamle@hs01.kep.tr Kurucu [&hellip;]<\/p>\n","protected":false},"author":1,"featured_media":0,"parent":0,"menu_order":0,"comment_status":"closed","ping_status":"closed","template":"","meta":{"footnotes":""},"class_list":["post-18","page","type-page","status-publish","hentry"],"_links":{"self":[{"href":"https:\/\/hamleradyotv.com.tr\/index.php\/wp-json\/wp\/v2\/pages\/18","targetHints":{"allow":["GET"]}}],"collection":[{"href":"https:\/\/hamleradyotv.com.tr\/index.php\/wp-json\/wp\/v2\/pages"}],"about":[{"href":"https:\/\/hamleradyotv.com.tr\/index.php\/wp-json\/wp\/v2\/types\/page"}],"author":[{"embeddable":true,"href":"https:\/\/hamleradyotv.com.tr\/index.php\/wp-json\/wp\/v2\/users\/1"}],"replies":[{"embeddable":true,"href":"https:\/\/hamleradyotv.com.tr\/index.php\/wp-json\/wp\/v2\/comments?post=18"}],"version-history":[{"count":17,"href":"https:\/\/hamleradyotv.com.tr\/index.php\/wp-json\/wp\/v2\/pages\/18\/revisions"}],"predecessor-version":[{"id":38,"href":"https:\/\/hamleradyotv.com.tr\/index.php\/wp-json\/wp\/v2\/pages\/18\/revisions\/38"}],"wp:attachment":[{"href":"https:\/\/hamleradyotv.com.tr\/index.php\/wp-json\/wp\/v2\/media?parent=18"}],"curies":[{"name":"wp","href":"https:\/\/api.w.org\/{rel}","templated":true}]}}